{"id":152,"date":"2024-09-24T13:10:36","date_gmt":"2024-09-24T10:10:36","guid":{"rendered":"http:\/\/recycle.orionthemes.com\/demo-1\/?page_id=152"},"modified":"2024-11-08T12:55:23","modified_gmt":"2024-11-08T09:55:23","slug":"hakkimizda","status":"publish","type":"page","link":"https:\/\/groen.com.tr\/index.php\/hakkimizda\/","title":{"rendered":"Hakk\u0131m\u0131zda"},"content":{"rendered":"<div id=\"pl-152\"  class=\"panel-layout\" ><div id=\"pg-152-0\"  class=\"panel-grid panel-has-style\" ><div class=\"siteorigin-panels-stretch panel-row-style panel-row-style-for-152-0\" data-stretch-type=\"full\" ><div id=\"pgc-152-0-0\"  class=\"panel-grid-cell panel-grid-cell-empty\" ><\/div><div id=\"pgc-152-0-1\"  class=\"panel-grid-cell panel-grid-cell-mobile-last\" ><div id=\"panel-152-0-1-0\" class=\"so-panel widget widget_orion_heading_w panel-first-child\" data-index=\"0\" ><div class=\"panel-widget-style panel-widget-style-for-152-0-1-0\" ><div\n\t\t\t\n\t\t\tclass=\"so-widget-orion_heading_w so-widget-orion_heading_w-base\"\n\t\t\t\n\t\t>\r\n\t\r\n\t\t\r\n\t<div class=\"row orion-heading\" style=\"margin-bottom:0px;\">\r\n\t\t<div class=\"col-md-12  separator-style-1 text-center style-h6 style-text-light\">\r\n\t\t\t<h6 class=\"text-light\">\r\n\t\t\t\tHakk\u0131m\u0131zda\t\t\t<\/h6>\r\n\t\t<\/div>\r\n\t<\/div>\r\n\r\n\t<\/div><\/div><\/div><div id=\"panel-152-0-1-1\" class=\"so-panel widget widget_sow-editor\" data-index=\"1\" ><div class=\"panel-widget-style panel-widget-style-for-152-0-1-1\" ><div\n\t\t\t\n\t\t\tclass=\"so-widget-sow-editor so-widget-sow-editor-base\"\n\t\t\t\n\t\t>\n<div class=\"siteorigin-widget-tinymce textwidget\">\n\t<p style=\"text-align: center;\">Groen olarak, s\u00fcrd\u00fcr\u00fclebilir i\u015f \u00e7\u00f6z\u00fcmleri sunan lider bir dan\u0131\u015fmanl\u0131k firmas\u0131y\u0131z. \u00c7evresel, sosyal ve y\u00f6neti\u015fim (ESG) alanlar\u0131nda derinlemesine uzmanl\u0131\u011f\u0131m\u0131z ile i\u015fletmenizin s\u00fcrd\u00fcr\u00fclebilirlik stratejilerini tasarlaman\u0131za ve uygulaman\u0131za yard\u0131mc\u0131 oluyoruz. Amac\u0131m\u0131z, karbon ayak izini azaltarak, do\u011fal kaynak kullan\u0131m\u0131n\u0131 optimize ederek ve ye\u015fil d\u00f6n\u00fc\u015f\u00fcm s\u00fcre\u00e7lerinizi h\u0131zland\u0131rarak daha verimli ve sorumlu i\u015f modelleri yaratman\u0131z\u0131 sa\u011flamakt\u0131r.<\/p>\n<p style=\"text-align: center;\">Yenilik\u00e7i \u00e7\u00f6z\u00fcmlerimizle, iklim de\u011fi\u015fikli\u011fi, kaynak k\u0131tl\u0131\u011f\u0131 ve s\u00fcrd\u00fcr\u00fclebilirlik risklerini y\u00f6netmenize destek oluyoruz. Uzman kadromuzla, dijital d\u00f6n\u00fc\u015f\u00fcmden \u00e7evre y\u00f6netimine kadar geni\u015f bir yelpazede kapsaml\u0131 hizmetler sunarak, gelece\u011fe y\u00f6nelik uzun vadeli ba\u015far\u0131lar elde etmenize katk\u0131 sa\u011fl\u0131yoruz.<\/p>\n<p style=\"text-align: center;\">Misyonumuz, i\u015fletmelerin \u00e7evresel etkilerini minimize ederken, ekonomik ve sosyal faydalar\u0131n\u0131 art\u0131rmalar\u0131n\u0131 sa\u011flamakt\u0131r. Vizyonumuz ise, s\u00fcrd\u00fcr\u00fclebilirli\u011fi i\u015f d\u00fcnyas\u0131nda standart haline getiren global bir \u00e7\u00f6z\u00fcm orta\u011f\u0131 olmakt\u0131r.<\/p>\n<p>&nbsp;<\/p>\n<p>&nbsp;<\/p>\n<\/div>\n<\/div><\/div><\/div><div id=\"panel-152-0-1-2\" class=\"so-panel widget widget_orion_logos_w panel-last-child\" data-index=\"2\" ><div\n\t\t\t\n\t\t\tclass=\"so-widget-orion_logos_w so-widget-orion_logos_w-base\"\n\t\t\t\n\t\t><div class=\"row logo-w-wrap\">\r\n\t\t\t<div class=\"logos-wrap col-md-12 \"  >\r\n\t\t\t\t<div class=\"wrap-2 clearfix row\">\r\n\t\t\r\n\t\t\t\t\t\t\t\t<div class=\"cell-wrap col-xs-6 col-md-4\" style=\"padding-bottom: 120px;border-color:#ffffff;\">\r\n\t\t\t\t\t\t\t\t\t<span class=\"logo\" data-imgsize=80 data-imghoversize=90>\r\n\t\t\t\t\t\t\t\t\t\t\t\t<img decoding=\"async\" src=\"https:\/\/groen.com.tr\/wp-content\/uploads\/2024\/08\/8ba2f4eb-b4b0-4ef5-945c-6e01384d4b3a.png\" alt=\"\">\r\n\t\t\t\t\t\t\t\t\t\t\t<\/span>\r\n\t\t\t\t\t\t\t<\/div>\t\t\t\r\n\t\t\t\t\t\t\t\t<div class=\"cell-wrap col-xs-6 col-md-4\" style=\"padding-bottom: 120px;border-color:#ffffff;\">\r\n\t\t\t\t\t\t\t\t\t<span class=\"logo\" data-imgsize=80 data-imghoversize=90>\r\n\t\t\t\t\t\t\t\t\t\t\t\t<img decoding=\"async\" src=\"https:\/\/groen.com.tr\/wp-content\/uploads\/2024\/08\/indir.png\" alt=\"\">\r\n\t\t\t\t\t\t\t\t\t\t\t<\/span>\r\n\t\t\t\t\t\t\t<\/div>\t\t\t\r\n\t\t\t\r\n\t\t\t\t<\/div>\r\n\t\t\t\t\t\r\n\t<\/div>\r\n\t<\/div><\/div><\/div><\/div><div id=\"pgc-152-0-2\"  class=\"panel-grid-cell panel-grid-cell-empty\" ><\/div><\/div><\/div><div id=\"pg-152-1\"  class=\"panel-grid panel-has-style\" ><div class=\"panel-row-style panel-row-style-for-152-1\" ><div id=\"pgc-152-1-0\"  class=\"panel-grid-cell panel-grid-cell-empty\" ><\/div><\/div><\/div><div id=\"pg-152-2\"  class=\"panel-grid panel-has-style\" ><div class=\"siteorigin-panels-stretch panel-row-style panel-row-style-for-152-2\" data-stretch-type=\"full\" ><div id=\"pgc-152-2-0\"  class=\"panel-grid-cell panel-grid-cell-empty\" ><\/div><\/div><\/div><\/div>","protected":false},"excerpt":{"rendered":"<p>Groen olarak, s\u00fcrd\u00fcr\u00fclebilir i\u015f \u00e7\u00f6z\u00fcmleri sunan lider bir dan\u0131\u015fmanl\u0131k firmas\u0131y\u0131z. \u00c7evresel, sosyal ve y\u00f6neti\u015fim (ESG) alanlar\u0131nda derinlemesine uzmanl\u0131\u011f\u0131m\u0131z ile i\u015fletmenizin s\u00fcrd\u00fcr\u00fclebilirlik stratejilerini tasarlaman\u0131za ve uygulaman\u0131za yard\u0131mc\u0131 oluyoruz. Amac\u0131m\u0131z, karbon ayak izini azaltarak, do\u011fal kaynak kullan\u0131m\u0131n\u0131 optimize ederek ve ye\u015fil d\u00f6n\u00fc\u015f\u00fcm s\u00fcre\u00e7lerinizi h\u0131zland\u0131rarak daha verimli ve sorumlu i\u015f modelleri yaratman\u0131z\u0131 sa\u011flamakt\u0131r. Yenilik\u00e7i \u00e7\u00f6z\u00fcmlerimizle, iklim de\u011fi\u015fikli\u011fi, kaynak [&hellip;]<\/p>\n","protected":false},"author":1,"featured_media":0,"parent":0,"menu_order":0,"comment_status":"closed","ping_status":"closed","template":"","meta":{"footnotes":""},"class_list":["post-152","page","type-page","status-publish","hentry"],"_links":{"self":[{"href":"https:\/\/groen.com.tr\/index.php\/wp-json\/wp\/v2\/pages\/152","targetHints":{"allow":["GET"]}}],"collection":[{"href":"https:\/\/groen.com.tr\/index.php\/wp-json\/wp\/v2\/pages"}],"about":[{"href":"https:\/\/groen.com.tr\/index.php\/wp-json\/wp\/v2\/types\/page"}],"author":[{"embeddable":true,"href":"https:\/\/groen.com.tr\/index.php\/wp-json\/wp\/v2\/users\/1"}],"replies":[{"embeddable":true,"href":"https:\/\/groen.com.tr\/index.php\/wp-json\/wp\/v2\/comments?post=152"}],"version-history":[{"count":12,"href":"https:\/\/groen.com.tr\/index.php\/wp-json\/wp\/v2\/pages\/152\/revisions"}],"predecessor-version":[{"id":1728,"href":"https:\/\/groen.com.tr\/index.php\/wp-json\/wp\/v2\/pages\/152\/revisions\/1728"}],"wp:attachment":[{"href":"https:\/\/groen.com.tr\/index.php\/wp-json\/wp\/v2\/media?parent=152"}],"curies":[{"name":"wp","href":"https:\/\/api.w.org\/{rel}","templated":true}]}}