{"id":1656,"date":"2024-10-10T22:56:17","date_gmt":"2024-10-10T19:56:17","guid":{"rendered":"https:\/\/groen.com.tr\/?page_id=1656"},"modified":"2024-10-16T10:57:23","modified_gmt":"2024-10-16T07:57:23","slug":"su-ve-atiksu-yonetimi","status":"publish","type":"page","link":"https:\/\/groen.com.tr\/index.php\/su-ve-atiksu-yonetimi\/","title":{"rendered":"Su ve At\u0131ksu Y\u00f6netimi"},"content":{"rendered":"\n<p><\/p>\n\n\n\n<p class=\"has-text-align-center\"><em>Su kaynaklar\u0131n\u0131 verimli kullanmak ve at\u0131ksular\u0131 g\u00fcvenli bir \u015fekilde y\u00f6netmek, s\u00fcrd\u00fcr\u00fclebilirlik i\u00e7in kritik \u00f6neme sahiptir. Su ayak izi envanteri olu\u015fturarak, ISO 14046 standartlar\u0131na uygun hesaplamalar yap\u0131yor ve su t\u00fcketim haritalar\u0131n\u0131z\u0131 \u00e7\u0131kar\u0131yoruz. At\u0131ksu ar\u0131tma ve geri kazan\u0131m projelerinde dan\u0131\u015fmanl\u0131k hizmetleri sunarak, suyun etkin kullan\u0131m\u0131n\u0131 te\u015fvik ediyoruz. Kayna\u011f\u0131nda su minimizasyonu ve su t\u00fcketim maliyetlerinin d\u00fc\u015f\u00fcr\u00fclmesi i\u00e7in yenilik\u00e7i stratejiler geli\u015ftiriyoruz.<\/em><\/p>\n\n\n\n<p><\/p>\n\n\n\n<figure class=\"wp-block-image aligncenter size-full is-resized\"><img fetchpriority=\"high\" decoding=\"async\" width=\"1024\" height=\"576\" src=\"https:\/\/groen.com.tr\/wp-content\/uploads\/2024\/10\/consultants_creating_water_consumption_maps_using_digital_mapping_tools_charts_and_diagrams_that_il_b7ic49laxubccx1uhdng_2-edited.png\" alt=\"\" class=\"wp-image-1706\" style=\"width:960px;height:auto\" srcset=\"https:\/\/groen.com.tr\/wp-content\/uploads\/2024\/10\/consultants_creating_water_consumption_maps_using_digital_mapping_tools_charts_and_diagrams_that_il_b7ic49laxubccx1uhdng_2-edited.png 1024w, https:\/\/groen.com.tr\/wp-content\/uploads\/2024\/10\/consultants_creating_water_consumption_maps_using_digital_mapping_tools_charts_and_diagrams_that_il_b7ic49laxubccx1uhdng_2-edited-300x169.png 300w, https:\/\/groen.com.tr\/wp-content\/uploads\/2024\/10\/consultants_creating_water_consumption_maps_using_digital_mapping_tools_charts_and_diagrams_that_il_b7ic49laxubccx1uhdng_2-edited-768x432.png 768w, https:\/\/groen.com.tr\/wp-content\/uploads\/2024\/10\/consultants_creating_water_consumption_maps_using_digital_mapping_tools_charts_and_diagrams_that_il_b7ic49laxubccx1uhdng_2-edited-750x422.png 750w\" sizes=\"(max-width: 1024px) 100vw, 1024px\" \/><\/figure>\n","protected":false},"excerpt":{"rendered":"<p>Su kaynaklar\u0131n\u0131 verimli kullanmak ve at\u0131ksular\u0131 g\u00fcvenli bir \u015fekilde y\u00f6netmek, s\u00fcrd\u00fcr\u00fclebilirlik i\u00e7in kritik \u00f6neme sahiptir. Su ayak izi envanteri olu\u015fturarak, ISO 14046 standartlar\u0131na uygun hesaplamalar yap\u0131yor ve su t\u00fcketim haritalar\u0131n\u0131z\u0131 \u00e7\u0131kar\u0131yoruz. At\u0131ksu ar\u0131tma ve geri kazan\u0131m projelerinde dan\u0131\u015fmanl\u0131k hizmetleri sunarak, suyun etkin kullan\u0131m\u0131n\u0131 te\u015fvik ediyoruz. Kayna\u011f\u0131nda su minimizasyonu ve su t\u00fcketim maliyetlerinin d\u00fc\u015f\u00fcr\u00fclmesi i\u00e7in yenilik\u00e7i [&hellip;]<\/p>\n","protected":false},"author":1,"featured_media":0,"parent":0,"menu_order":0,"comment_status":"closed","ping_status":"closed","template":"","meta":{"footnotes":""},"class_list":["post-1656","page","type-page","status-publish","hentry"],"_links":{"self":[{"href":"https:\/\/groen.com.tr\/index.php\/wp-json\/wp\/v2\/pages\/1656","targetHints":{"allow":["GET"]}}],"collection":[{"href":"https:\/\/groen.com.tr\/index.php\/wp-json\/wp\/v2\/pages"}],"about":[{"href":"https:\/\/groen.com.tr\/index.php\/wp-json\/wp\/v2\/types\/page"}],"author":[{"embeddable":true,"href":"https:\/\/groen.com.tr\/index.php\/wp-json\/wp\/v2\/users\/1"}],"replies":[{"embeddable":true,"href":"https:\/\/groen.com.tr\/index.php\/wp-json\/wp\/v2\/comments?post=1656"}],"version-history":[{"count":4,"href":"https:\/\/groen.com.tr\/index.php\/wp-json\/wp\/v2\/pages\/1656\/revisions"}],"predecessor-version":[{"id":1708,"href":"https:\/\/groen.com.tr\/index.php\/wp-json\/wp\/v2\/pages\/1656\/revisions\/1708"}],"wp:attachment":[{"href":"https:\/\/groen.com.tr\/index.php\/wp-json\/wp\/v2\/media?parent=1656"}],"curies":[{"name":"wp","href":"https:\/\/api.w.org\/{rel}","templated":true}]}}