{"id":1659,"date":"2024-10-10T22:56:17","date_gmt":"2024-10-10T19:56:17","guid":{"rendered":"https:\/\/groen.com.tr\/?page_id=1659"},"modified":"2024-10-16T11:18:15","modified_gmt":"2024-10-16T08:18:15","slug":"egitim-programlari","status":"publish","type":"page","link":"https:\/\/groen.com.tr\/index.php\/egitim-programlari\/","title":{"rendered":"E\u011fitim Programlar\u0131"},"content":{"rendered":"\n<p><\/p>\n\n\n\n<p class=\"has-text-align-center\"><em>S\u00fcrd\u00fcr\u00fclebilirlik ve \u00e7evre y\u00f6netimi alan\u0131nda geni\u015f kapsaml\u0131 e\u011fitim programlar\u0131 sunuyoruz. S\u00fcrd\u00fcr\u00fclebilirlik raporlamas\u0131, karbon ve su ayak izi hesaplama, enerji y\u00f6netimi ve d\u00f6ng\u00fcsel ekonomi gibi konularda e\u011fitimler d\u00fczenleyerek, i\u015fletmenizin s\u00fcrd\u00fcr\u00fclebilirlik hedeflerine ula\u015fmas\u0131n\u0131 destekliyoruz.<\/em><\/p>\n\n\n\n<p><\/p>\n\n\n\n<figure class=\"wp-block-image aligncenter size-full is-resized\"><img fetchpriority=\"high\" decoding=\"async\" width=\"1024\" height=\"576\" src=\"https:\/\/groen.com.tr\/wp-content\/uploads\/2024\/10\/a_group_of_professionals_participating_in_a_sustainability_reporting_training_session_with_a_traine_nssxh9gaqrbr96rnmou1_2-edited.png\" alt=\"\" class=\"wp-image-1725\" style=\"width:798px;height:auto\" srcset=\"https:\/\/groen.com.tr\/wp-content\/uploads\/2024\/10\/a_group_of_professionals_participating_in_a_sustainability_reporting_training_session_with_a_traine_nssxh9gaqrbr96rnmou1_2-edited.png 1024w, https:\/\/groen.com.tr\/wp-content\/uploads\/2024\/10\/a_group_of_professionals_participating_in_a_sustainability_reporting_training_session_with_a_traine_nssxh9gaqrbr96rnmou1_2-edited-300x169.png 300w, https:\/\/groen.com.tr\/wp-content\/uploads\/2024\/10\/a_group_of_professionals_participating_in_a_sustainability_reporting_training_session_with_a_traine_nssxh9gaqrbr96rnmou1_2-edited-768x432.png 768w, https:\/\/groen.com.tr\/wp-content\/uploads\/2024\/10\/a_group_of_professionals_participating_in_a_sustainability_reporting_training_session_with_a_traine_nssxh9gaqrbr96rnmou1_2-edited-750x422.png 750w\" sizes=\"(max-width: 1024px) 100vw, 1024px\" \/><\/figure>\n","protected":false},"excerpt":{"rendered":"<p>S\u00fcrd\u00fcr\u00fclebilirlik ve \u00e7evre y\u00f6netimi alan\u0131nda geni\u015f kapsaml\u0131 e\u011fitim programlar\u0131 sunuyoruz. S\u00fcrd\u00fcr\u00fclebilirlik raporlamas\u0131, karbon ve su ayak izi hesaplama, enerji y\u00f6netimi ve d\u00f6ng\u00fcsel ekonomi gibi konularda e\u011fitimler d\u00fczenleyerek, i\u015fletmenizin s\u00fcrd\u00fcr\u00fclebilirlik hedeflerine ula\u015fmas\u0131n\u0131 destekliyoruz.<\/p>\n","protected":false},"author":1,"featured_media":0,"parent":0,"menu_order":0,"comment_status":"closed","ping_status":"closed","template":"","meta":{"footnotes":""},"class_list":["post-1659","page","type-page","status-publish","hentry"],"_links":{"self":[{"href":"https:\/\/groen.com.tr\/index.php\/wp-json\/wp\/v2\/pages\/1659","targetHints":{"allow":["GET"]}}],"collection":[{"href":"https:\/\/groen.com.tr\/index.php\/wp-json\/wp\/v2\/pages"}],"about":[{"href":"https:\/\/groen.com.tr\/index.php\/wp-json\/wp\/v2\/types\/page"}],"author":[{"embeddable":true,"href":"https:\/\/groen.com.tr\/index.php\/wp-json\/wp\/v2\/users\/1"}],"replies":[{"embeddable":true,"href":"https:\/\/groen.com.tr\/index.php\/wp-json\/wp\/v2\/comments?post=1659"}],"version-history":[{"count":3,"href":"https:\/\/groen.com.tr\/index.php\/wp-json\/wp\/v2\/pages\/1659\/revisions"}],"predecessor-version":[{"id":1726,"href":"https:\/\/groen.com.tr\/index.php\/wp-json\/wp\/v2\/pages\/1659\/revisions\/1726"}],"wp:attachment":[{"href":"https:\/\/groen.com.tr\/index.php\/wp-json\/wp\/v2\/media?parent=1659"}],"curies":[{"name":"wp","href":"https:\/\/api.w.org\/{rel}","templated":true}]}}