{"id":1731,"date":"2024-10-17T00:32:21","date_gmt":"2024-10-16T21:32:21","guid":{"rendered":"https:\/\/groen.com.tr\/?page_id=1731"},"modified":"2025-03-27T09:58:52","modified_gmt":"2025-03-27T06:58:52","slug":"ileri-seviyede-surdurulebilirlik-egitimi","status":"publish","type":"page","link":"https:\/\/groen.com.tr\/index.php\/ileri-seviyede-surdurulebilirlik-egitimi\/","title":{"rendered":"\u0130leri Seviyede S\u00fcrd\u00fcr\u00fclebilirlik E\u011fitimi"},"content":{"rendered":"\n<p class=\"has-text-align-center\"><em>\u0130leri seviyede s\u00fcrd\u00fcr\u00fclebilirlik e\u011fitimi, temel bilgilere sahip olan profesyoneller i\u00e7in daha derinlemesine bir i\u00e7erik sunar. Bu e\u011fitimde, kat\u0131l\u0131mc\u0131lar s\u00fcrd\u00fcr\u00fclebilirlik stratejilerini geli\u015ftirme ve uygulamada liderlik yapabilecek yetkinli\u011fe ula\u015f\u0131rlar. E\u011fitim, karbon ayak izini azaltma, enerji verimlili\u011fi, su y\u00f6netimi ve at\u0131k y\u00f6netimi gibi spesifik konulara odaklan\u0131r. Ayr\u0131ca, d\u00f6ng\u00fcsel ekonomi modelleri ve \u00e7evresel, sosyal ve y\u00f6neti\u015fim (ESG) raporlamas\u0131 konular\u0131nda derinlemesine bilgi sunar.<\/em><\/p>\n\n\n\n<p class=\"has-text-align-center\"><em>\u0130leri seviyede s\u00fcrd\u00fcr\u00fclebilirlik e\u011fitimi, k\u00fcresel trendler ve uluslararas\u0131 s\u00fcrd\u00fcr\u00fclebilirlik standartlar\u0131 ile uyumlu olacak \u015fekilde yap\u0131land\u0131r\u0131lm\u0131\u015ft\u0131r. Kat\u0131l\u0131mc\u0131lar, \u015firketlerinin s\u00fcrd\u00fcr\u00fclebilirlik performans\u0131n\u0131 art\u0131rmak i\u00e7in gerekli stratejileri nas\u0131l olu\u015fturacaklar\u0131n\u0131 ve bunlar\u0131 nas\u0131l uygulayacaklar\u0131n\u0131 \u00f6\u011frenirler. Ayr\u0131ca, bu stratejilerin operasyonel s\u00fcre\u00e7lere nas\u0131l entegre edilece\u011fi ve payda\u015flar ile nas\u0131l etkin ileti\u015fim kurulaca\u011f\u0131 konular\u0131nda da beceri kazan\u0131rlar.<\/em><\/p>\n\n\n\n<figure class=\"wp-block-video\"><video height=\"272\" style=\"aspect-ratio: 480 \/ 272;\" width=\"480\" controls src=\"https:\/\/groen.com.tr\/wp-content\/uploads\/2025\/03\/WhatsApp-Video-2025-03-26-at-20.01.00-2.mp4\"><\/video><\/figure>\n","protected":false},"excerpt":{"rendered":"<p>\u0130leri seviyede s\u00fcrd\u00fcr\u00fclebilirlik e\u011fitimi, temel bilgilere sahip olan profesyoneller i\u00e7in daha derinlemesine bir i\u00e7erik sunar. Bu e\u011fitimde, kat\u0131l\u0131mc\u0131lar s\u00fcrd\u00fcr\u00fclebilirlik stratejilerini geli\u015ftirme ve uygulamada liderlik yapabilecek yetkinli\u011fe ula\u015f\u0131rlar. E\u011fitim, karbon ayak izini azaltma, enerji verimlili\u011fi, su y\u00f6netimi ve at\u0131k y\u00f6netimi gibi spesifik konulara odaklan\u0131r. Ayr\u0131ca, d\u00f6ng\u00fcsel ekonomi modelleri ve \u00e7evresel, sosyal ve y\u00f6neti\u015fim (ESG) raporlamas\u0131 konular\u0131nda [&hellip;]<\/p>\n","protected":false},"author":1,"featured_media":0,"parent":0,"menu_order":0,"comment_status":"closed","ping_status":"closed","template":"","meta":{"footnotes":""},"class_list":["post-1731","page","type-page","status-publish","hentry"],"_links":{"self":[{"href":"https:\/\/groen.com.tr\/index.php\/wp-json\/wp\/v2\/pages\/1731","targetHints":{"allow":["GET"]}}],"collection":[{"href":"https:\/\/groen.com.tr\/index.php\/wp-json\/wp\/v2\/pages"}],"about":[{"href":"https:\/\/groen.com.tr\/index.php\/wp-json\/wp\/v2\/types\/page"}],"author":[{"embeddable":true,"href":"https:\/\/groen.com.tr\/index.php\/wp-json\/wp\/v2\/users\/1"}],"replies":[{"embeddable":true,"href":"https:\/\/groen.com.tr\/index.php\/wp-json\/wp\/v2\/comments?post=1731"}],"version-history":[{"count":7,"href":"https:\/\/groen.com.tr\/index.php\/wp-json\/wp\/v2\/pages\/1731\/revisions"}],"predecessor-version":[{"id":2024,"href":"https:\/\/groen.com.tr\/index.php\/wp-json\/wp\/v2\/pages\/1731\/revisions\/2024"}],"wp:attachment":[{"href":"https:\/\/groen.com.tr\/index.php\/wp-json\/wp\/v2\/media?parent=1731"}],"curies":[{"name":"wp","href":"https:\/\/api.w.org\/{rel}","templated":true}]}}