{"id":1732,"date":"2024-10-17T00:32:21","date_gmt":"2024-10-16T21:32:21","guid":{"rendered":"https:\/\/groen.com.tr\/?page_id=1732"},"modified":"2024-10-23T19:36:56","modified_gmt":"2024-10-23T16:36:56","slug":"tsrs-raporlama-uzmanligi-egitimi","status":"publish","type":"page","link":"https:\/\/groen.com.tr\/index.php\/tsrs-raporlama-uzmanligi-egitimi\/","title":{"rendered":"TSRS Raporlama Uzmanl\u0131\u011f\u0131 E\u011fitimi"},"content":{"rendered":"\n<p class=\"has-text-align-center\"><em>T\u00fcrkiye S\u00fcrd\u00fcr\u00fclebilirlik Raporlama Standartlar\u0131 (TSRS), T\u00fcrkiye&#8217;deki \u015firketlerin s\u00fcrd\u00fcr\u00fclebilirlik performanslar\u0131n\u0131 \u015feffaf bir \u015fekilde raporlamalar\u0131 i\u00e7in belirlenmi\u015f ulusal bir \u00e7er\u00e7evedir. Bu e\u011fitim, TSRS kapsam\u0131nda raporlaman\u0131n nas\u0131l yap\u0131laca\u011f\u0131n\u0131, raporlamada izlenecek ad\u0131mlar\u0131 ve raporlama s\u00fcrecinde toplanacak verilerin nas\u0131l y\u00f6netilece\u011fini \u00f6\u011fretir.<\/em><\/p>\n\n\n\n<p class=\"has-text-align-center\"><em>E\u011fitim, s\u00fcrd\u00fcr\u00fclebilirlik verilerinin toplanmas\u0131, analiz edilmesi ve raporlanmas\u0131 s\u00fcre\u00e7lerinde kullan\u0131lan en iyi uygulamalar\u0131 kapsar. Ayr\u0131ca, raporlamada kullan\u0131lan g\u00f6stergeler, s\u00fcrd\u00fcr\u00fclebilirlik performans\u0131n\u0131n \u00f6l\u00e7\u00fclmesi ve raporlar\u0131n payda\u015flara sunulmas\u0131 gibi konular da i\u015flenir. Bu e\u011fitim, \u00f6zellikle raporlama sorumlulu\u011fu olan profesyoneller ve b\u00fcy\u00fck i\u015fletmeler i\u00e7in idealdir. TSRS&#8217;ye uyumlu raporlar haz\u0131rlamak, yasal zorunluluklar\u0131n yerine getirilmesinin yan\u0131 s\u0131ra \u015firketin s\u00fcrd\u00fcr\u00fclebilirlik \u00e7abalar\u0131n\u0131n \u015feffaf bir \u015fekilde sunulmas\u0131n\u0131 sa\u011flar.<\/em><\/p>\n\n\n\n<p><\/p>\n\n\n\n<figure class=\"wp-block-image aligncenter size-full is-resized\"><img fetchpriority=\"high\" decoding=\"async\" width=\"1024\" height=\"576\" src=\"https:\/\/groen.com.tr\/wp-content\/uploads\/2024\/10\/a_professional_office_setting_with_a_business_team_discussing_sustainability_data_charts_graphs_and_8zb8vk3phnharm3m3jhe_0-edited.png\" alt=\"\" class=\"wp-image-1803\" style=\"width:1118px;height:auto\" srcset=\"https:\/\/groen.com.tr\/wp-content\/uploads\/2024\/10\/a_professional_office_setting_with_a_business_team_discussing_sustainability_data_charts_graphs_and_8zb8vk3phnharm3m3jhe_0-edited.png 1024w, https:\/\/groen.com.tr\/wp-content\/uploads\/2024\/10\/a_professional_office_setting_with_a_business_team_discussing_sustainability_data_charts_graphs_and_8zb8vk3phnharm3m3jhe_0-edited-300x169.png 300w, https:\/\/groen.com.tr\/wp-content\/uploads\/2024\/10\/a_professional_office_setting_with_a_business_team_discussing_sustainability_data_charts_graphs_and_8zb8vk3phnharm3m3jhe_0-edited-768x432.png 768w, https:\/\/groen.com.tr\/wp-content\/uploads\/2024\/10\/a_professional_office_setting_with_a_business_team_discussing_sustainability_data_charts_graphs_and_8zb8vk3phnharm3m3jhe_0-edited-750x422.png 750w\" sizes=\"(max-width: 1024px) 100vw, 1024px\" \/><\/figure>\n","protected":false},"excerpt":{"rendered":"<p>T\u00fcrkiye S\u00fcrd\u00fcr\u00fclebilirlik Raporlama Standartlar\u0131 (TSRS), T\u00fcrkiye&#8217;deki \u015firketlerin s\u00fcrd\u00fcr\u00fclebilirlik performanslar\u0131n\u0131 \u015feffaf bir \u015fekilde raporlamalar\u0131 i\u00e7in belirlenmi\u015f ulusal bir \u00e7er\u00e7evedir. Bu e\u011fitim, TSRS kapsam\u0131nda raporlaman\u0131n nas\u0131l yap\u0131laca\u011f\u0131n\u0131, raporlamada izlenecek ad\u0131mlar\u0131 ve raporlama s\u00fcrecinde toplanacak verilerin nas\u0131l y\u00f6netilece\u011fini \u00f6\u011fretir. E\u011fitim, s\u00fcrd\u00fcr\u00fclebilirlik verilerinin toplanmas\u0131, analiz edilmesi ve raporlanmas\u0131 s\u00fcre\u00e7lerinde kullan\u0131lan en iyi uygulamalar\u0131 kapsar. Ayr\u0131ca, raporlamada kullan\u0131lan g\u00f6stergeler, s\u00fcrd\u00fcr\u00fclebilirlik [&hellip;]<\/p>\n","protected":false},"author":1,"featured_media":0,"parent":0,"menu_order":0,"comment_status":"closed","ping_status":"closed","template":"","meta":{"footnotes":""},"class_list":["post-1732","page","type-page","status-publish","hentry"],"_links":{"self":[{"href":"https:\/\/groen.com.tr\/index.php\/wp-json\/wp\/v2\/pages\/1732","targetHints":{"allow":["GET"]}}],"collection":[{"href":"https:\/\/groen.com.tr\/index.php\/wp-json\/wp\/v2\/pages"}],"about":[{"href":"https:\/\/groen.com.tr\/index.php\/wp-json\/wp\/v2\/types\/page"}],"author":[{"embeddable":true,"href":"https:\/\/groen.com.tr\/index.php\/wp-json\/wp\/v2\/users\/1"}],"replies":[{"embeddable":true,"href":"https:\/\/groen.com.tr\/index.php\/wp-json\/wp\/v2\/comments?post=1732"}],"version-history":[{"count":4,"href":"https:\/\/groen.com.tr\/index.php\/wp-json\/wp\/v2\/pages\/1732\/revisions"}],"predecessor-version":[{"id":1804,"href":"https:\/\/groen.com.tr\/index.php\/wp-json\/wp\/v2\/pages\/1732\/revisions\/1804"}],"wp:attachment":[{"href":"https:\/\/groen.com.tr\/index.php\/wp-json\/wp\/v2\/media?parent=1732"}],"curies":[{"name":"wp","href":"https:\/\/api.w.org\/{rel}","templated":true}]}}