{"id":1733,"date":"2024-10-17T00:32:21","date_gmt":"2024-10-16T21:32:21","guid":{"rendered":"https:\/\/groen.com.tr\/?page_id=1733"},"modified":"2024-10-23T19:49:06","modified_gmt":"2024-10-23T16:49:06","slug":"esg-raporlama-egitimi","status":"publish","type":"page","link":"https:\/\/groen.com.tr\/index.php\/esg-raporlama-egitimi\/","title":{"rendered":"ESG Raporlama E\u011fitimi"},"content":{"rendered":"\n<p class=\"has-text-align-center\"><em>\u00c7evresel, sosyal ve y\u00f6neti\u015fim (ESG) kriterleri, \u015firketlerin s\u00fcrd\u00fcr\u00fclebilirlik performans\u0131n\u0131 de\u011ferlendiren ve yat\u0131r\u0131mc\u0131lar taraf\u0131ndan giderek daha fazla talep edilen \u00f6nemli g\u00f6stergelerdir. Bu e\u011fitim, ESG kriterlerine dayal\u0131 veri toplama, bu verilerin raporlanmas\u0131 ve uluslararas\u0131 s\u00fcrd\u00fcr\u00fclebilirlik standartlar\u0131na uyum sa\u011flama konular\u0131nda kapsaml\u0131 bilgi sunar. ESG raporlamas\u0131, yat\u0131r\u0131mc\u0131lar\u0131n ve payda\u015flar\u0131n \u015firketlerin \u00e7evresel ve sosyal etkilerini anlamalar\u0131na yard\u0131mc\u0131 olur.<\/em><\/p>\n\n\n\n<p class=\"has-text-align-center\"><em>E\u011fitim s\u00fcresince, ESG performans\u0131n\u0131n nas\u0131l \u00f6l\u00e7\u00fclece\u011fi, hangi g\u00f6stergelerin \u00f6nemli oldu\u011fu ve bu g\u00f6stergelerin nas\u0131l raporlanaca\u011f\u0131 detayl\u0131 olarak ele al\u0131n\u0131r. Kat\u0131l\u0131mc\u0131lar, ESG verilerini nas\u0131l toplayacaklar\u0131n\u0131 ve bu verileri nas\u0131l anlaml\u0131 bir \u015fekilde analiz edeceklerini \u00f6\u011frenirler. Ayr\u0131ca, ESG raporlamas\u0131n\u0131n \u015firketler i\u00e7in nas\u0131l bir de\u011fer yaratabilece\u011fi ve uzun vadeli s\u00fcrd\u00fcr\u00fclebilirlik stratejilerinin nas\u0131l desteklenebilece\u011fi konular\u0131nda da bilgi sahibi olurlar.<\/em><\/p>\n\n\n\n<p><\/p>\n\n\n\n<figure class=\"wp-block-image aligncenter size-full is-resized\"><img fetchpriority=\"high\" decoding=\"async\" width=\"1024\" height=\"576\" src=\"https:\/\/groen.com.tr\/wp-content\/uploads\/2024\/10\/a_photograph_of_a_diverse_group_of_business_professionals_discussing_sustainability_strategies_with_1zz7c3neefmp8eefupnj_3-edited.png\" alt=\"\" class=\"wp-image-1812\" style=\"width:1114px;height:auto\" srcset=\"https:\/\/groen.com.tr\/wp-content\/uploads\/2024\/10\/a_photograph_of_a_diverse_group_of_business_professionals_discussing_sustainability_strategies_with_1zz7c3neefmp8eefupnj_3-edited.png 1024w, https:\/\/groen.com.tr\/wp-content\/uploads\/2024\/10\/a_photograph_of_a_diverse_group_of_business_professionals_discussing_sustainability_strategies_with_1zz7c3neefmp8eefupnj_3-edited-300x169.png 300w, https:\/\/groen.com.tr\/wp-content\/uploads\/2024\/10\/a_photograph_of_a_diverse_group_of_business_professionals_discussing_sustainability_strategies_with_1zz7c3neefmp8eefupnj_3-edited-768x432.png 768w, https:\/\/groen.com.tr\/wp-content\/uploads\/2024\/10\/a_photograph_of_a_diverse_group_of_business_professionals_discussing_sustainability_strategies_with_1zz7c3neefmp8eefupnj_3-edited-750x422.png 750w\" sizes=\"(max-width: 1024px) 100vw, 1024px\" \/><\/figure>\n","protected":false},"excerpt":{"rendered":"<p>\u00c7evresel, sosyal ve y\u00f6neti\u015fim (ESG) kriterleri, \u015firketlerin s\u00fcrd\u00fcr\u00fclebilirlik performans\u0131n\u0131 de\u011ferlendiren ve yat\u0131r\u0131mc\u0131lar taraf\u0131ndan giderek daha fazla talep edilen \u00f6nemli g\u00f6stergelerdir. Bu e\u011fitim, ESG kriterlerine dayal\u0131 veri toplama, bu verilerin raporlanmas\u0131 ve uluslararas\u0131 s\u00fcrd\u00fcr\u00fclebilirlik standartlar\u0131na uyum sa\u011flama konular\u0131nda kapsaml\u0131 bilgi sunar. ESG raporlamas\u0131, yat\u0131r\u0131mc\u0131lar\u0131n ve payda\u015flar\u0131n \u015firketlerin \u00e7evresel ve sosyal etkilerini anlamalar\u0131na yard\u0131mc\u0131 olur. E\u011fitim s\u00fcresince, [&hellip;]<\/p>\n","protected":false},"author":1,"featured_media":0,"parent":0,"menu_order":0,"comment_status":"closed","ping_status":"closed","template":"","meta":{"footnotes":""},"class_list":["post-1733","page","type-page","status-publish","hentry"],"_links":{"self":[{"href":"https:\/\/groen.com.tr\/index.php\/wp-json\/wp\/v2\/pages\/1733","targetHints":{"allow":["GET"]}}],"collection":[{"href":"https:\/\/groen.com.tr\/index.php\/wp-json\/wp\/v2\/pages"}],"about":[{"href":"https:\/\/groen.com.tr\/index.php\/wp-json\/wp\/v2\/types\/page"}],"author":[{"embeddable":true,"href":"https:\/\/groen.com.tr\/index.php\/wp-json\/wp\/v2\/users\/1"}],"replies":[{"embeddable":true,"href":"https:\/\/groen.com.tr\/index.php\/wp-json\/wp\/v2\/comments?post=1733"}],"version-history":[{"count":4,"href":"https:\/\/groen.com.tr\/index.php\/wp-json\/wp\/v2\/pages\/1733\/revisions"}],"predecessor-version":[{"id":1813,"href":"https:\/\/groen.com.tr\/index.php\/wp-json\/wp\/v2\/pages\/1733\/revisions\/1813"}],"wp:attachment":[{"href":"https:\/\/groen.com.tr\/index.php\/wp-json\/wp\/v2\/media?parent=1733"}],"curies":[{"name":"wp","href":"https:\/\/api.w.org\/{rel}","templated":true}]}}