{"id":1737,"date":"2024-10-17T00:32:21","date_gmt":"2024-10-16T21:32:21","guid":{"rendered":"https:\/\/groen.com.tr\/?page_id=1737"},"modified":"2024-10-24T21:53:07","modified_gmt":"2024-10-24T18:53:07","slug":"ulusal-yesil-taksonomi-egitimi","status":"publish","type":"page","link":"https:\/\/groen.com.tr\/index.php\/ulusal-yesil-taksonomi-egitimi\/","title":{"rendered":"Ulusal Ye\u015fil Taksonomi E\u011fitimi"},"content":{"rendered":"\n<p class=\"has-text-align-center\"><em>Ye\u015fil Taksonomi, ekonomik faaliyetlerin \u00e7evresel s\u00fcrd\u00fcr\u00fclebilirli\u011fini de\u011ferlendiren bir \u00e7er\u00e7evedir. Ulusal Ye\u015fil Taksonomi e\u011fitimi, kat\u0131l\u0131mc\u0131lara T\u00fcrkiye&#8217;nin s\u00fcrd\u00fcr\u00fclebilirlik hedeflerine ula\u015fmas\u0131 i\u00e7in gerekli olan yasal \u00e7er\u00e7eveyi ve bu \u00e7er\u00e7evede nas\u0131l uyum sa\u011flayabileceklerini \u00f6\u011fretir.<\/em><\/p>\n\n\n\n<p class=\"has-text-align-center\"><em>E\u011fitim, ye\u015fil projeler ve s\u00fcrd\u00fcr\u00fclebilir yat\u0131r\u0131mlar i\u00e7in belirlenen kriterlerin yan\u0131 s\u0131ra, bu yat\u0131r\u0131mlar\u0131n nas\u0131l de\u011ferlendirilece\u011fini ve raporlanaca\u011f\u0131n\u0131 kapsaml\u0131 bir \u015fekilde ele al\u0131r. Kat\u0131l\u0131mc\u0131lar, Ye\u015fil Taksonomi \u00e7er\u00e7evesinde hangi faaliyetlerin \u00e7evresel s\u00fcrd\u00fcr\u00fclebilirlik a\u00e7\u0131s\u0131ndan kabul edilebilir oldu\u011funu \u00f6\u011frenir ve bu faaliyetlerin finansman\u0131nda ye\u015fil te\u015fviklerden nas\u0131l faydalanabileceklerini ke\u015ffederler.<\/em><\/p>\n\n\n\n<p><\/p>\n\n\n\n<figure class=\"wp-block-image aligncenter size-full is-resized\"><img fetchpriority=\"high\" decoding=\"async\" width=\"1024\" height=\"576\" src=\"https:\/\/groen.com.tr\/wp-content\/uploads\/2024\/10\/capture_a_realistic_photo_of_a_business_meeting_room_where_professionals_are_gathered_around_a_larg_fy1mkxvl3x2xz8u2eyom_3-1-edited.png\" alt=\"\" class=\"wp-image-1829\" style=\"width:1140px;height:auto\" srcset=\"https:\/\/groen.com.tr\/wp-content\/uploads\/2024\/10\/capture_a_realistic_photo_of_a_business_meeting_room_where_professionals_are_gathered_around_a_larg_fy1mkxvl3x2xz8u2eyom_3-1-edited.png 1024w, https:\/\/groen.com.tr\/wp-content\/uploads\/2024\/10\/capture_a_realistic_photo_of_a_business_meeting_room_where_professionals_are_gathered_around_a_larg_fy1mkxvl3x2xz8u2eyom_3-1-edited-300x169.png 300w, https:\/\/groen.com.tr\/wp-content\/uploads\/2024\/10\/capture_a_realistic_photo_of_a_business_meeting_room_where_professionals_are_gathered_around_a_larg_fy1mkxvl3x2xz8u2eyom_3-1-edited-768x432.png 768w, https:\/\/groen.com.tr\/wp-content\/uploads\/2024\/10\/capture_a_realistic_photo_of_a_business_meeting_room_where_professionals_are_gathered_around_a_larg_fy1mkxvl3x2xz8u2eyom_3-1-edited-750x422.png 750w\" sizes=\"(max-width: 1024px) 100vw, 1024px\" \/><\/figure>\n","protected":false},"excerpt":{"rendered":"<p>Ye\u015fil Taksonomi, ekonomik faaliyetlerin \u00e7evresel s\u00fcrd\u00fcr\u00fclebilirli\u011fini de\u011ferlendiren bir \u00e7er\u00e7evedir. Ulusal Ye\u015fil Taksonomi e\u011fitimi, kat\u0131l\u0131mc\u0131lara T\u00fcrkiye&#8217;nin s\u00fcrd\u00fcr\u00fclebilirlik hedeflerine ula\u015fmas\u0131 i\u00e7in gerekli olan yasal \u00e7er\u00e7eveyi ve bu \u00e7er\u00e7evede nas\u0131l uyum sa\u011flayabileceklerini \u00f6\u011fretir. E\u011fitim, ye\u015fil projeler ve s\u00fcrd\u00fcr\u00fclebilir yat\u0131r\u0131mlar i\u00e7in belirlenen kriterlerin yan\u0131 s\u0131ra, bu yat\u0131r\u0131mlar\u0131n nas\u0131l de\u011ferlendirilece\u011fini ve raporlanaca\u011f\u0131n\u0131 kapsaml\u0131 bir \u015fekilde ele al\u0131r. Kat\u0131l\u0131mc\u0131lar, Ye\u015fil Taksonomi [&hellip;]<\/p>\n","protected":false},"author":1,"featured_media":0,"parent":0,"menu_order":0,"comment_status":"closed","ping_status":"closed","template":"","meta":{"footnotes":""},"class_list":["post-1737","page","type-page","status-publish","hentry"],"_links":{"self":[{"href":"https:\/\/groen.com.tr\/index.php\/wp-json\/wp\/v2\/pages\/1737","targetHints":{"allow":["GET"]}}],"collection":[{"href":"https:\/\/groen.com.tr\/index.php\/wp-json\/wp\/v2\/pages"}],"about":[{"href":"https:\/\/groen.com.tr\/index.php\/wp-json\/wp\/v2\/types\/page"}],"author":[{"embeddable":true,"href":"https:\/\/groen.com.tr\/index.php\/wp-json\/wp\/v2\/users\/1"}],"replies":[{"embeddable":true,"href":"https:\/\/groen.com.tr\/index.php\/wp-json\/wp\/v2\/comments?post=1737"}],"version-history":[{"count":3,"href":"https:\/\/groen.com.tr\/index.php\/wp-json\/wp\/v2\/pages\/1737\/revisions"}],"predecessor-version":[{"id":1830,"href":"https:\/\/groen.com.tr\/index.php\/wp-json\/wp\/v2\/pages\/1737\/revisions\/1830"}],"wp:attachment":[{"href":"https:\/\/groen.com.tr\/index.php\/wp-json\/wp\/v2\/media?parent=1737"}],"curies":[{"name":"wp","href":"https:\/\/api.w.org\/{rel}","templated":true}]}}