{"id":1738,"date":"2024-10-17T00:32:21","date_gmt":"2024-10-16T21:32:21","guid":{"rendered":"https:\/\/groen.com.tr\/?page_id=1738"},"modified":"2024-10-24T21:59:33","modified_gmt":"2024-10-24T18:59:33","slug":"surdurulebilir-finans-egitimi","status":"publish","type":"page","link":"https:\/\/groen.com.tr\/index.php\/surdurulebilir-finans-egitimi\/","title":{"rendered":"S\u00fcrd\u00fcr\u00fclebilir Finans E\u011fitimi"},"content":{"rendered":"\n<p class=\"has-text-align-center\"><em>S\u00fcrd\u00fcr\u00fclebilir finans, yat\u0131r\u0131mlar\u0131n \u00e7evresel, sosyal ve y\u00f6neti\u015fim (ESG) kriterlerine uyumlu bir \u015fekilde yap\u0131lmas\u0131n\u0131 hedefleyen bir yakla\u015f\u0131md\u0131r. Bu e\u011fitimde, ye\u015fil finansman, s\u00fcrd\u00fcr\u00fclebilir tahviller ve ESG uyumlu yat\u0131r\u0131m ara\u00e7lar\u0131 hakk\u0131nda kapsaml\u0131 bilgi sunulur.<\/em><\/p>\n\n\n\n<p class=\"has-text-align-center\"><em>Kat\u0131l\u0131mc\u0131lar, s\u00fcrd\u00fcr\u00fclebilir projelerin nas\u0131l finanse edilece\u011fini, hangi finansal ara\u00e7lar\u0131n kullan\u0131laca\u011f\u0131n\u0131 ve bu s\u00fcre\u00e7te kar\u015f\u0131la\u015f\u0131labilecek yasal ve finansal zorluklar\u0131 \u00f6\u011frenirler. E\u011fitim ayn\u0131 zamanda, s\u00fcrd\u00fcr\u00fclebilirlik raporlamas\u0131 ve ye\u015fil projeler i\u00e7in uygun fon kaynaklar\u0131na nas\u0131l eri\u015filebilece\u011fi konular\u0131n\u0131 da i\u00e7erir. Finans sekt\u00f6r\u00fcnde \u00e7al\u0131\u015fanlar i\u00e7in s\u00fcrd\u00fcr\u00fclebilir finans e\u011fitimi, ye\u015fil yat\u0131r\u0131mlar\u0131n planlanmas\u0131 ve y\u00f6netilmesi konusunda kritik bilgi sa\u011flar.<\/em><\/p>\n\n\n\n<p><\/p>\n\n\n\n<figure class=\"wp-block-image aligncenter size-full is-resized\"><img fetchpriority=\"high\" decoding=\"async\" width=\"1024\" height=\"576\" src=\"https:\/\/groen.com.tr\/wp-content\/uploads\/2024\/10\/photograph_a_realistic_scene_where_professionals_are_planning_the_financing_of_a_green_infrastructu_k7a8uvgmtui3mqbtry4v_3-edited.png\" alt=\"\" class=\"wp-image-1833\" style=\"width:1140px;height:auto\" srcset=\"https:\/\/groen.com.tr\/wp-content\/uploads\/2024\/10\/photograph_a_realistic_scene_where_professionals_are_planning_the_financing_of_a_green_infrastructu_k7a8uvgmtui3mqbtry4v_3-edited.png 1024w, https:\/\/groen.com.tr\/wp-content\/uploads\/2024\/10\/photograph_a_realistic_scene_where_professionals_are_planning_the_financing_of_a_green_infrastructu_k7a8uvgmtui3mqbtry4v_3-edited-300x169.png 300w, https:\/\/groen.com.tr\/wp-content\/uploads\/2024\/10\/photograph_a_realistic_scene_where_professionals_are_planning_the_financing_of_a_green_infrastructu_k7a8uvgmtui3mqbtry4v_3-edited-768x432.png 768w, https:\/\/groen.com.tr\/wp-content\/uploads\/2024\/10\/photograph_a_realistic_scene_where_professionals_are_planning_the_financing_of_a_green_infrastructu_k7a8uvgmtui3mqbtry4v_3-edited-750x422.png 750w\" sizes=\"(max-width: 1024px) 100vw, 1024px\" \/><\/figure>\n","protected":false},"excerpt":{"rendered":"<p>S\u00fcrd\u00fcr\u00fclebilir finans, yat\u0131r\u0131mlar\u0131n \u00e7evresel, sosyal ve y\u00f6neti\u015fim (ESG) kriterlerine uyumlu bir \u015fekilde yap\u0131lmas\u0131n\u0131 hedefleyen bir yakla\u015f\u0131md\u0131r. Bu e\u011fitimde, ye\u015fil finansman, s\u00fcrd\u00fcr\u00fclebilir tahviller ve ESG uyumlu yat\u0131r\u0131m ara\u00e7lar\u0131 hakk\u0131nda kapsaml\u0131 bilgi sunulur. Kat\u0131l\u0131mc\u0131lar, s\u00fcrd\u00fcr\u00fclebilir projelerin nas\u0131l finanse edilece\u011fini, hangi finansal ara\u00e7lar\u0131n kullan\u0131laca\u011f\u0131n\u0131 ve bu s\u00fcre\u00e7te kar\u015f\u0131la\u015f\u0131labilecek yasal ve finansal zorluklar\u0131 \u00f6\u011frenirler. E\u011fitim ayn\u0131 zamanda, s\u00fcrd\u00fcr\u00fclebilirlik raporlamas\u0131 [&hellip;]<\/p>\n","protected":false},"author":1,"featured_media":0,"parent":0,"menu_order":0,"comment_status":"closed","ping_status":"closed","template":"","meta":{"footnotes":""},"class_list":["post-1738","page","type-page","status-publish","hentry"],"_links":{"self":[{"href":"https:\/\/groen.com.tr\/index.php\/wp-json\/wp\/v2\/pages\/1738","targetHints":{"allow":["GET"]}}],"collection":[{"href":"https:\/\/groen.com.tr\/index.php\/wp-json\/wp\/v2\/pages"}],"about":[{"href":"https:\/\/groen.com.tr\/index.php\/wp-json\/wp\/v2\/types\/page"}],"author":[{"embeddable":true,"href":"https:\/\/groen.com.tr\/index.php\/wp-json\/wp\/v2\/users\/1"}],"replies":[{"embeddable":true,"href":"https:\/\/groen.com.tr\/index.php\/wp-json\/wp\/v2\/comments?post=1738"}],"version-history":[{"count":3,"href":"https:\/\/groen.com.tr\/index.php\/wp-json\/wp\/v2\/pages\/1738\/revisions"}],"predecessor-version":[{"id":1834,"href":"https:\/\/groen.com.tr\/index.php\/wp-json\/wp\/v2\/pages\/1738\/revisions\/1834"}],"wp:attachment":[{"href":"https:\/\/groen.com.tr\/index.php\/wp-json\/wp\/v2\/media?parent=1738"}],"curies":[{"name":"wp","href":"https:\/\/api.w.org\/{rel}","templated":true}]}}