{"id":2088,"date":"2025-08-10T16:25:29","date_gmt":"2025-08-10T13:25:29","guid":{"rendered":"https:\/\/groen.com.tr\/?page_id=2088"},"modified":"2025-08-10T18:18:36","modified_gmt":"2025-08-10T15:18:36","slug":"iscc-danismanligi","status":"publish","type":"page","link":"https:\/\/groen.com.tr\/index.php\/iscc-danismanligi\/","title":{"rendered":"ISCC Dan\u0131\u015fmanl\u0131\u011f\u0131"},"content":{"rendered":"\t\t<div data-elementor-type=\"wp-page\" data-elementor-id=\"2088\" class=\"elementor elementor-2088\">\n\t\t\t\t<div class=\"elementor-element elementor-element-1149b6f e-flex e-con-boxed e-con e-parent\" data-id=\"1149b6f\" data-element_type=\"container\">\n\t\t\t\t\t<div class=\"e-con-inner\">\n\t\t\t\t<div class=\"elementor-element elementor-element-468af13 elementor-widget elementor-widget-text-editor\" data-id=\"468af13\" data-element_type=\"widget\" data-widget_type=\"text-editor.default\">\n\t\t\t\t<div class=\"elementor-widget-container\">\n\t\t\t\t\t\t\t\t\t<p><strong data-start=\"328\" data-end=\"399\">SCC Sertifikasyonu ile S\u00fcrd\u00fcr\u00fclebilirlik Yolculu\u011funuzu G\u00fc\u00e7lendirin<\/strong><br data-start=\"399\" data-end=\"402\" \/>Groen olarak, bitkisel ya\u011fdan g\u0131da sekt\u00f6r\u00fcne, biyoyak\u0131ttan kimya end\u00fcstrisine kadar geni\u015f bir yelpazede ISCC sertifikasyon s\u00fcrecinde yan\u0131n\u0131zday\u0131z. E\u011fitimden i\u00e7 denetime, k\u00fctle denkli\u011fi hesaplar\u0131ndan denetim s\u00fcrecine refakate kadar u\u00e7tan uca dan\u0131\u015fmanl\u0131k sa\u011fl\u0131yoruz.<\/p>\t\t\t\t\t\t\t\t<\/div>\n\t\t\t\t<\/div>\n\t\t\t\t<div class=\"elementor-element elementor-element-9e92439 elementor-widget elementor-widget-heading\" data-id=\"9e92439\" data-element_type=\"widget\" data-widget_type=\"heading.default\">\n\t\t\t\t<div class=\"elementor-widget-container\">\n\t\t\t\t\t<h2 class=\"elementor-heading-title elementor-size-default\">ISCC Nedir?<\/h2>\t\t\t\t<\/div>\n\t\t\t\t<\/div>\n\t\t\t\t<div class=\"elementor-element elementor-element-2e21192 elementor-widget elementor-widget-text-editor\" data-id=\"2e21192\" data-element_type=\"widget\" data-widget_type=\"text-editor.default\">\n\t\t\t\t<div class=\"elementor-widget-container\">\n\t\t\t\t\t\t\t\t\t<p data-start=\"791\" data-end=\"992\">ISCC (International Sustainability and Carbon Certification), s\u00fcrd\u00fcr\u00fclebilir \u00fcretim, tedarik ve ticaretin uluslararas\u0131 standartlarda belgelenmesini sa\u011flayan <strong data-start=\"948\" data-end=\"989\">ba\u011f\u0131ms\u0131z bir sertifikasyon sistemidir<\/strong>.<\/p><p>\u00a0<\/p><ul data-start=\"994\" data-end=\"1298\"><li data-start=\"994\" data-end=\"1156\"><p data-start=\"996\" data-end=\"1156\"><strong data-start=\"996\" data-end=\"1007\">ISCC EU<\/strong>: Avrupa Birli\u011fi Yenilenebilir Enerji Direktifi (RED II) kapsam\u0131nda biyoyak\u0131t ve enerji sekt\u00f6r\u00fcnde yasal gereklilikleri kar\u015f\u0131lamak i\u00e7in kullan\u0131l\u0131r.<\/p><\/li><li data-start=\"1157\" data-end=\"1298\"><p data-start=\"1159\" data-end=\"1298\"><strong data-start=\"1159\" data-end=\"1172\">ISCC PLUS<\/strong>: G\u0131da, yem, kimya, biyoplastik, ambalaj gibi farkl\u0131 sekt\u00f6rlerde s\u00fcrd\u00fcr\u00fclebilirlik ve \u015feffafl\u0131k sa\u011flamak amac\u0131yla uygulan\u0131r.<\/p><\/li><\/ul>\t\t\t\t\t\t\t\t<\/div>\n\t\t\t\t<\/div>\n\t\t\t\t<div class=\"elementor-element elementor-element-079fc39 elementor-widget elementor-widget-heading\" data-id=\"079fc39\" data-element_type=\"widget\" data-widget_type=\"heading.default\">\n\t\t\t\t<div class=\"elementor-widget-container\">\n\t\t\t\t\t<h2 class=\"elementor-heading-title elementor-size-default\">ISCC Sertifikas\u0131n\u0131n Faydalar\u0131<\/h2>\t\t\t\t<\/div>\n\t\t\t\t<\/div>\n\t\t\t\t<div class=\"elementor-element elementor-element-9ca408b elementor-widget elementor-widget-text-editor\" data-id=\"9ca408b\" data-element_type=\"widget\" data-widget_type=\"text-editor.default\">\n\t\t\t\t<div class=\"elementor-widget-container\">\n\t\t\t\t\t\t\t\t\t<p>Yasal gereklilikleri ve AB standartlar\u0131n\u0131 kar\u015f\u0131lama<\/p><p><span style=\"background-color: transparent;\">Tedarik zincirinde g\u00fcvenilirlik ve \u015feffafl\u0131k sa\u011flama<\/span><\/p><p><span style=\"background-color: transparent;\">Uluslararas\u0131 pazarlara eri\u015fim kolayl\u0131\u011f\u0131<\/span><\/p><p><span style=\"background-color: transparent;\">M\u00fc\u015fteri g\u00fcveni ve marka de\u011ferini art\u0131rma<\/span><\/p>\t\t\t\t\t\t\t\t<\/div>\n\t\t\t\t<\/div>\n\t\t\t\t<div class=\"elementor-element elementor-element-592febb elementor-widget elementor-widget-image\" data-id=\"592febb\" data-element_type=\"widget\" data-widget_type=\"image.default\">\n\t\t\t\t<div class=\"elementor-widget-container\">\n\t\t\t\t\t\t\t\t\t\t\t\t\t\t\t<img fetchpriority=\"high\" decoding=\"async\" width=\"768\" height=\"960\" src=\"https:\/\/groen.com.tr\/wp-content\/uploads\/2025\/08\/1-768x960.png\" class=\"attachment-medium_large size-medium_large wp-image-2094\" alt=\"\" srcset=\"https:\/\/groen.com.tr\/wp-content\/uploads\/2025\/08\/1-768x960.png 768w, https:\/\/groen.com.tr\/wp-content\/uploads\/2025\/08\/1-240x300.png 240w, https:\/\/groen.com.tr\/wp-content\/uploads\/2025\/08\/1-819x1024.png 819w, https:\/\/groen.com.tr\/wp-content\/uploads\/2025\/08\/1-1229x1536.png 1229w, https:\/\/groen.com.tr\/wp-content\/uploads\/2025\/08\/1-1638x2048.png 1638w, https:\/\/groen.com.tr\/wp-content\/uploads\/2025\/08\/1-scaled.png 2048w\" sizes=\"(max-width: 768px) 100vw, 768px\" \/>\t\t\t\t\t\t\t\t\t\t\t\t\t\t\t<\/div>\n\t\t\t\t<\/div>\n\t\t\t\t<div class=\"elementor-element elementor-element-f6a0144 elementor-widget elementor-widget-heading\" data-id=\"f6a0144\" data-element_type=\"widget\" data-widget_type=\"heading.default\">\n\t\t\t\t<div class=\"elementor-widget-container\">\n\t\t\t\t\t<h2 class=\"elementor-heading-title elementor-size-default\">Groen\u2019in ISCC Dan\u0131\u015fmanl\u0131k Hizmetleri<\/h2>\t\t\t\t<\/div>\n\t\t\t\t<\/div>\n\t\t\t\t<div class=\"elementor-element elementor-element-41b4040 elementor-widget elementor-widget-text-editor\" data-id=\"41b4040\" data-element_type=\"widget\" data-widget_type=\"text-editor.default\">\n\t\t\t\t<div class=\"elementor-widget-container\">\n\t\t\t\t\t\t\t\t\t<ul><li data-start=\"1458\" data-end=\"1519\"><strong data-start=\"1458\" data-end=\"1468\">E\u011fitim Hizmetler<\/strong>:\u00a0<\/li><\/ul><p data-start=\"477\" data-end=\"562\">ISCC standartlar\u0131, k\u00fctle dengesi metodolojisi, veri y\u00f6netimi ve raporlama s\u00fcre\u00e7leri<\/p><p data-start=\"565\" data-end=\"641\">T\u00fcm ekibin s\u00fcrece h\u00e2kim olmas\u0131n\u0131 sa\u011flayacak teorik ve uygulamal\u0131 e\u011fitimler<\/p><ul><li data-start=\"1522\" data-end=\"1604\"><strong data-start=\"1522\" data-end=\"1546\">Mevcut Durum Analizi<\/strong>:<\/li><\/ul><p data-start=\"676\" data-end=\"757\">\u015eirketinizin mevcut s\u00fcre\u00e7lerinin ISCC gerekliliklerine uyum seviyesinin tespiti<\/p><p data-start=\"760\" data-end=\"811\">Eksikliklerin belirlenmesi ve \u00f6nceliklendirilmesi<\/p><ul><li data-start=\"1607\" data-end=\"1647\"><strong data-start=\"1607\" data-end=\"1645\">K\u00fctle Dengesi Sisteminin Kurulmas\u0131<\/strong><\/li><\/ul><p data-start=\"860\" data-end=\"905\">\u00dcr\u00fcn ak\u0131\u015flar\u0131n\u0131n izlenebilirli\u011fini sa\u011flamak<\/p><p data-start=\"908\" data-end=\"991\">Tedarik, \u00fcretim ve sat\u0131\u015f s\u00fcre\u00e7lerinin ISCC\u2019ye uygun \u015fekilde kay\u0131t alt\u0131na al\u0131nmas\u0131<\/p><ul><li data-start=\"1650\" data-end=\"1705\"><strong data-start=\"1650\" data-end=\"1684\">GHG Hesaplamalar\u0131n\u0131n Yap\u0131lmas\u0131<\/strong><\/li><\/ul><p data-start=\"1035\" data-end=\"1083\">ISO 14064 uyumlu karbon ayak izi hesaplamalar\u0131<\/p><p data-start=\"1086\" data-end=\"1141\">ISCC gerekliliklerine uygun veri toplama ve raporlama<\/p><ul><li data-start=\"1708\" data-end=\"1751\"><strong data-start=\"1708\" data-end=\"1749\">Risk Analizi ve Eylem Plan\u0131 Haz\u0131rlama<\/strong><\/li><\/ul><p data-start=\"1183\" data-end=\"1243\">Tedarik zinciri ve \u00fcretim s\u00fcre\u00e7lerindeki risklerin tespiti<\/p><p data-start=\"1246\" data-end=\"1313\">Riskleri minimize edecek \u00f6nleyici eylem planlar\u0131n\u0131n olu\u015fturulmas\u0131<\/p><ul><li data-start=\"1754\" data-end=\"1796\"><strong data-start=\"1754\" data-end=\"1768\">\u0130\u00e7 Denetim<\/strong>i<\/li><\/ul><p data-start=\"1338\" data-end=\"1387\">Belgelendirme \u00f6ncesi, ISCC denetimi sim\u00fclasyonu<\/p><p data-start=\"1390\" data-end=\"1433\">Eksik veya hatal\u0131 noktalar\u0131n d\u00fczeltilmesi<\/p><ul><li data-start=\"1754\" data-end=\"1796\"><strong data-start=\"1799\" data-end=\"1835\">Belgelendirme Denetimine Refakat<\/strong><\/li><\/ul><p data-start=\"1480\" data-end=\"1509\">Denetim g\u00fcn\u00fc s\u00fcre\u00e7 y\u00f6netimi<\/p><p data-start=\"1512\" data-end=\"1580\">Denet\u00e7ilerin sorular\u0131n\u0131n yan\u0131tlanmas\u0131 ve belge ak\u0131\u015f\u0131n\u0131n sa\u011flanmas\u0131<\/p>\t\t\t\t\t\t\t\t<\/div>\n\t\t\t\t<\/div>\n\t\t\t\t<div class=\"elementor-element elementor-element-9a35974 elementor-widget elementor-widget-button\" data-id=\"9a35974\" data-element_type=\"widget\" data-widget_type=\"button.default\">\n\t\t\t\t<div class=\"elementor-widget-container\">\n\t\t\t\t\t\t\t\t\t<div class=\"elementor-button-wrapper\">\n\t\t\t\t\t<a class=\"elementor-button elementor-button-link elementor-size-sm\" href=\"https:\/\/groen.com.tr\/index.php\/iletisim\/\">\n\t\t\t\t\t\t<span class=\"elementor-button-content-wrapper\">\n\t\t\t\t\t\t\t\t\t<span class=\"elementor-button-text\">\u201cISCC S\u00fcreciniz \u0130\u00e7in Teklif Al\u0131n\u201d<\/span>\n\t\t\t\t\t<\/span>\n\t\t\t\t\t<\/a>\n\t\t\t\t<\/div>\n\t\t\t\t\t\t\t\t<\/div>\n\t\t\t\t<\/div>\n\t\t\t\t\t<\/div>\n\t\t\t\t<\/div>\n\t\t\t\t<\/div>\n\t\t","protected":false},"excerpt":{"rendered":"<p>SCC Sertifikasyonu ile S\u00fcrd\u00fcr\u00fclebilirlik Yolculu\u011funuzu G\u00fc\u00e7lendirinGroen olarak, bitkisel ya\u011fdan g\u0131da sekt\u00f6r\u00fcne, biyoyak\u0131ttan kimya end\u00fcstrisine kadar geni\u015f bir yelpazede ISCC sertifikasyon s\u00fcrecinde yan\u0131n\u0131zday\u0131z. E\u011fitimden i\u00e7 denetime, k\u00fctle denkli\u011fi hesaplar\u0131ndan denetim s\u00fcrecine refakate kadar u\u00e7tan uca dan\u0131\u015fmanl\u0131k sa\u011fl\u0131yoruz. ISCC Nedir? ISCC (International Sustainability and Carbon Certification), s\u00fcrd\u00fcr\u00fclebilir \u00fcretim, tedarik ve ticaretin uluslararas\u0131 standartlarda belgelenmesini sa\u011flayan ba\u011f\u0131ms\u0131z bir [&hellip;]<\/p>\n","protected":false},"author":1,"featured_media":0,"parent":0,"menu_order":0,"comment_status":"closed","ping_status":"closed","template":"","meta":{"footnotes":""},"class_list":["post-2088","page","type-page","status-publish","hentry"],"_links":{"self":[{"href":"https:\/\/groen.com.tr\/index.php\/wp-json\/wp\/v2\/pages\/2088","targetHints":{"allow":["GET"]}}],"collection":[{"href":"https:\/\/groen.com.tr\/index.php\/wp-json\/wp\/v2\/pages"}],"about":[{"href":"https:\/\/groen.com.tr\/index.php\/wp-json\/wp\/v2\/types\/page"}],"author":[{"embeddable":true,"href":"https:\/\/groen.com.tr\/index.php\/wp-json\/wp\/v2\/users\/1"}],"replies":[{"embeddable":true,"href":"https:\/\/groen.com.tr\/index.php\/wp-json\/wp\/v2\/comments?post=2088"}],"version-history":[{"count":10,"href":"https:\/\/groen.com.tr\/index.php\/wp-json\/wp\/v2\/pages\/2088\/revisions"}],"predecessor-version":[{"id":2122,"href":"https:\/\/groen.com.tr\/index.php\/wp-json\/wp\/v2\/pages\/2088\/revisions\/2122"}],"wp:attachment":[{"href":"https:\/\/groen.com.tr\/index.php\/wp-json\/wp\/v2\/media?parent=2088"}],"curies":[{"name":"wp","href":"https:\/\/api.w.org\/{rel}","templated":true}]}}