{"id":2100,"date":"2025-08-10T16:47:33","date_gmt":"2025-08-10T13:47:33","guid":{"rendered":"https:\/\/groen.com.tr\/?page_id=2100"},"modified":"2025-08-10T18:06:56","modified_gmt":"2025-08-10T15:06:56","slug":"hizmetler","status":"publish","type":"page","link":"https:\/\/groen.com.tr\/index.php\/hizmetler\/","title":{"rendered":"Hizmetler"},"content":{"rendered":"\t\t<div data-elementor-type=\"wp-page\" data-elementor-id=\"2100\" class=\"elementor elementor-2100\">\n\t\t\t\t<div class=\"elementor-element elementor-element-ce9b622 e-flex e-con-boxed e-con e-parent\" data-id=\"ce9b622\" data-element_type=\"container\">\n\t\t\t\t\t<div class=\"e-con-inner\">\n\t\t<div class=\"elementor-element elementor-element-fe7c1c0 e-con-full e-flex e-con e-child\" data-id=\"fe7c1c0\" data-element_type=\"container\">\n\t\t\t\t<div class=\"elementor-element elementor-element-1f26824 elementor-widget elementor-widget-image\" data-id=\"1f26824\" data-element_type=\"widget\" data-widget_type=\"image.default\">\n\t\t\t\t<div class=\"elementor-widget-container\">\n\t\t\t\t\t\t\t\t\t\t\t\t\t\t\t<img fetchpriority=\"high\" decoding=\"async\" width=\"800\" height=\"450\" src=\"https:\/\/groen.com.tr\/wp-content\/uploads\/2025\/08\/consultants_guiding_a_business_team_through_compliance_processes_with_international_sustainability__7rgpnekwlg55525ko2i6_3-edited.png\" class=\"attachment-large size-large wp-image-2105\" alt=\"\" srcset=\"https:\/\/groen.com.tr\/wp-content\/uploads\/2025\/08\/consultants_guiding_a_business_team_through_compliance_processes_with_international_sustainability__7rgpnekwlg55525ko2i6_3-edited.png 1024w, https:\/\/groen.com.tr\/wp-content\/uploads\/2025\/08\/consultants_guiding_a_business_team_through_compliance_processes_with_international_sustainability__7rgpnekwlg55525ko2i6_3-edited-300x169.png 300w, https:\/\/groen.com.tr\/wp-content\/uploads\/2025\/08\/consultants_guiding_a_business_team_through_compliance_processes_with_international_sustainability__7rgpnekwlg55525ko2i6_3-edited-768x432.png 768w\" sizes=\"(max-width: 800px) 100vw, 800px\" \/>\t\t\t\t\t\t\t\t\t\t\t\t\t\t\t<\/div>\n\t\t\t\t<\/div>\n\t\t\t\t<\/div>\n\t\t<div class=\"elementor-element elementor-element-91de1d4 e-con-full e-flex e-con e-child\" data-id=\"91de1d4\" data-element_type=\"container\">\n\t\t<div class=\"elementor-element elementor-element-89d34dc e-con-full e-flex e-con e-child\" data-id=\"89d34dc\" data-element_type=\"container\">\n\t\t\t\t<div class=\"elementor-element elementor-element-f7bb148 elementor-widget elementor-widget-heading\" data-id=\"f7bb148\" data-element_type=\"widget\" data-widget_type=\"heading.default\">\n\t\t\t\t<div class=\"elementor-widget-container\">\n\t\t\t\t\t<h2 class=\"elementor-heading-title elementor-size-default\"><a href=\"https:\/\/groen.com.tr\/index.php\/surdurulebilirlik-danismanligi-2\/\">S\u00fcrd\u00fcr\u00fclebilirlik Dan\u0131\u015fmanl\u0131\u011f\u0131<\/a><\/h2>\t\t\t\t<\/div>\n\t\t\t\t<\/div>\n\t\t\t\t<\/div>\n\t\t<div class=\"elementor-element elementor-element-f00c1fd e-con-full e-flex e-con e-child\" data-id=\"f00c1fd\" data-element_type=\"container\">\n\t\t\t\t<div class=\"elementor-element elementor-element-76b5886 elementor-widget elementor-widget-text-editor\" data-id=\"76b5886\" data-element_type=\"widget\" data-widget_type=\"text-editor.default\">\n\t\t\t\t<div class=\"elementor-widget-container\">\n\t\t\t\t\t\t\t\t\t<p><em style=\"color: #333333; text-align: center;\">Groen olarak, \u00e7evresel, sosyal ve y\u00f6neti\u015fim (ESG) performans\u0131n\u0131z\u0131 iyile\u015ftirmek amac\u0131yla kapsaml\u0131 s\u00fcrd\u00fcr\u00fclebilirlik dan\u0131\u015fmanl\u0131k hizmetleri sunuyoruz.\u00a0<\/em><\/p>\t\t\t\t\t\t\t\t<\/div>\n\t\t\t\t<\/div>\n\t\t\t\t<\/div>\n\t\t\t\t<\/div>\n\t\t\t\t\t<\/div>\n\t\t\t\t<\/div>\n\t\t<div class=\"elementor-element elementor-element-616c3e5 e-flex e-con-boxed e-con e-parent\" data-id=\"616c3e5\" data-element_type=\"container\">\n\t\t\t\t\t<div class=\"e-con-inner\">\n\t\t<div class=\"elementor-element elementor-element-8ad2653 e-con-full e-flex e-con e-child\" data-id=\"8ad2653\" data-element_type=\"container\">\n\t\t\t\t<div class=\"elementor-element elementor-element-87b313e elementor-widget elementor-widget-image\" data-id=\"87b313e\" data-element_type=\"widget\" data-widget_type=\"image.default\">\n\t\t\t\t<div class=\"elementor-widget-container\">\n\t\t\t\t\t\t\t\t\t\t\t\t\t\t\t<img decoding=\"async\" width=\"564\" height=\"376\" src=\"https:\/\/groen.com.tr\/wp-content\/uploads\/2024\/11\/cfaa0cd5ff1afab74a4ecddd53f1d68e.jpg\" class=\"attachment-large size-large wp-image-1964\" alt=\"\" srcset=\"https:\/\/groen.com.tr\/wp-content\/uploads\/2024\/11\/cfaa0cd5ff1afab74a4ecddd53f1d68e.jpg 564w, https:\/\/groen.com.tr\/wp-content\/uploads\/2024\/11\/cfaa0cd5ff1afab74a4ecddd53f1d68e-300x200.jpg 300w, https:\/\/groen.com.tr\/wp-content\/uploads\/2024\/11\/cfaa0cd5ff1afab74a4ecddd53f1d68e-272x182.jpg 272w\" sizes=\"(max-width: 564px) 100vw, 564px\" \/>\t\t\t\t\t\t\t\t\t\t\t\t\t\t\t<\/div>\n\t\t\t\t<\/div>\n\t\t\t\t<\/div>\n\t\t<div class=\"elementor-element elementor-element-91d8b8f e-con-full e-flex e-con e-child\" data-id=\"91d8b8f\" data-element_type=\"container\">\n\t\t<div class=\"elementor-element elementor-element-1491121 e-con-full e-flex e-con e-child\" data-id=\"1491121\" data-element_type=\"container\">\n\t\t\t\t<div class=\"elementor-element elementor-element-a578ce1 elementor-widget elementor-widget-heading\" data-id=\"a578ce1\" data-element_type=\"widget\" data-widget_type=\"heading.default\">\n\t\t\t\t<div class=\"elementor-widget-container\">\n\t\t\t\t\t<h2 class=\"elementor-heading-title elementor-size-default\"><a href=\"https:\/\/groen.com.tr\/index.php\/karbon-yonetimi\/\">Karbon Y\u00f6netimi<\/a><\/h2>\t\t\t\t<\/div>\n\t\t\t\t<\/div>\n\t\t\t\t<\/div>\n\t\t<div class=\"elementor-element elementor-element-ca970c9 e-con-full e-flex e-con e-child\" data-id=\"ca970c9\" data-element_type=\"container\">\n\t\t\t\t<div class=\"elementor-element elementor-element-2bf0ac3 elementor-widget elementor-widget-text-editor\" data-id=\"2bf0ac3\" data-element_type=\"widget\" data-widget_type=\"text-editor.default\">\n\t\t\t\t<div class=\"elementor-widget-container\">\n\t\t\t\t\t\t\t\t\t<p><em style=\"color: #333333; text-align: center;\">Sera gaz\u0131 emisyonlar\u0131n\u0131 y\u00f6netmek ve karbon ayak izinizi minimize etmek i\u00e7in \u00e7\u00f6z\u00fcmler geli\u015ftiriyoruz.<\/em><\/p>\t\t\t\t\t\t\t\t<\/div>\n\t\t\t\t<\/div>\n\t\t\t\t<\/div>\n\t\t\t\t<\/div>\n\t\t\t\t\t<\/div>\n\t\t\t\t<\/div>\n\t\t<div class=\"elementor-element elementor-element-72d48d2 e-flex e-con-boxed e-con e-parent\" data-id=\"72d48d2\" data-element_type=\"container\">\n\t\t\t\t\t<div class=\"e-con-inner\">\n\t\t<div class=\"elementor-element elementor-element-ec6fbb7 e-con-full e-flex e-con e-child\" data-id=\"ec6fbb7\" data-element_type=\"container\">\n\t\t\t\t<div class=\"elementor-element elementor-element-39498c9 elementor-widget elementor-widget-image\" data-id=\"39498c9\" data-element_type=\"widget\" data-widget_type=\"image.default\">\n\t\t\t\t<div class=\"elementor-widget-container\">\n\t\t\t\t\t\t\t\t\t\t\t\t\t\t\t<img decoding=\"async\" width=\"768\" height=\"1086\" src=\"https:\/\/groen.com.tr\/wp-content\/uploads\/2025\/08\/ISCC-Danismanligi-Brosur-768x1086.png\" class=\"attachment-medium_large size-medium_large wp-image-2110\" alt=\"\" srcset=\"https:\/\/groen.com.tr\/wp-content\/uploads\/2025\/08\/ISCC-Danismanligi-Brosur-768x1086.png 768w, https:\/\/groen.com.tr\/wp-content\/uploads\/2025\/08\/ISCC-Danismanligi-Brosur-212x300.png 212w, https:\/\/groen.com.tr\/wp-content\/uploads\/2025\/08\/ISCC-Danismanligi-Brosur-724x1024.png 724w, https:\/\/groen.com.tr\/wp-content\/uploads\/2025\/08\/ISCC-Danismanligi-Brosur-1086x1536.png 1086w, https:\/\/groen.com.tr\/wp-content\/uploads\/2025\/08\/ISCC-Danismanligi-Brosur-1448x2048.png 1448w, https:\/\/groen.com.tr\/wp-content\/uploads\/2025\/08\/ISCC-Danismanligi-Brosur-scaled.png 1810w\" sizes=\"(max-width: 768px) 100vw, 768px\" \/>\t\t\t\t\t\t\t\t\t\t\t\t\t\t\t<\/div>\n\t\t\t\t<\/div>\n\t\t\t\t<\/div>\n\t\t<div class=\"elementor-element elementor-element-939adc1 e-con-full e-flex e-con e-child\" data-id=\"939adc1\" data-element_type=\"container\">\n\t\t<div class=\"elementor-element elementor-element-02e93ef e-con-full e-flex e-con e-child\" data-id=\"02e93ef\" data-element_type=\"container\">\n\t\t\t\t<div class=\"elementor-element elementor-element-a70b9ac elementor-widget elementor-widget-heading\" data-id=\"a70b9ac\" data-element_type=\"widget\" data-widget_type=\"heading.default\">\n\t\t\t\t<div class=\"elementor-widget-container\">\n\t\t\t\t\t<h2 class=\"elementor-heading-title elementor-size-default\"><a href=\"https:\/\/groen.com.tr\/index.php\/iscc-danismanligi\/\">ISCC Sertifikasyon Dan\u0131\u015fmanl\u0131\u011f\u0131<\/a><\/h2>\t\t\t\t<\/div>\n\t\t\t\t<\/div>\n\t\t\t\t<\/div>\n\t\t<div class=\"elementor-element elementor-element-c1ead8a e-con-full e-flex e-con e-child\" data-id=\"c1ead8a\" data-element_type=\"container\">\n\t\t\t\t<div class=\"elementor-element elementor-element-e61f96e elementor-widget elementor-widget-text-editor\" data-id=\"e61f96e\" data-element_type=\"widget\" data-widget_type=\"text-editor.default\">\n\t\t\t\t<div class=\"elementor-widget-container\">\n\t\t\t\t\t\t\t\t\t<p>Groen olarak, i\u015fletmenizin <strong data-start=\"275\" data-end=\"324\">uluslararas\u0131 s\u00fcrd\u00fcr\u00fclebilirlik standartlar\u0131na<\/strong> uyumunu sa\u011flamak ve global pazarda g\u00fcvenilir bir tedarik\u00e7i olarak konumlanmak i\u00e7in <strong data-start=\"408\" data-end=\"472\">ISCC (International Sustainability and Carbon Certification)<\/strong> sertifikasyon s\u00fcrecinde u\u00e7tan uca dan\u0131\u015fmanl\u0131k hizmeti veriyoruz.<\/p><p data-start=\"541\" data-end=\"706\">E\u011fitimden i\u00e7 denetime, k\u00fctle dengesi sisteminin kurulmas\u0131ndan GHG hesaplamalar\u0131na, risk analizinden denetim s\u00fcrecine refakate kadar <strong data-start=\"673\" data-end=\"703\">t\u00fcm ad\u0131mlarda yan\u0131n\u0131zday\u0131z<\/strong>.<\/p><p data-start=\"541\" data-end=\"706\">ISCC ile;<\/p><ul><li data-start=\"541\" data-end=\"706\">S\u00fcrd\u00fcr\u00fclebilir tedarik zinciri y\u00f6netimi sa\u011flan\u0131r.<\/li><li data-start=\"541\" data-end=\"706\">Karbon ayak izi ve \u00e7evresel etki azalt\u0131l\u0131r.<\/li><li data-start=\"1300\" data-end=\"1455\">Uluslararas\u0131 pazara giri\u015f kolayla\u015f\u0131r.<\/li><\/ul><p data-start=\"541\" data-end=\"706\">\u00a0<\/p>\t\t\t\t\t\t\t\t<\/div>\n\t\t\t\t<\/div>\n\t\t\t\t<\/div>\n\t\t\t\t<\/div>\n\t\t\t\t\t<\/div>\n\t\t\t\t<\/div>\n\t\t\t\t<\/div>\n\t\t","protected":false},"excerpt":{"rendered":"<p>S\u00fcrd\u00fcr\u00fclebilirlik Dan\u0131\u015fmanl\u0131\u011f\u0131 Groen olarak, \u00e7evresel, sosyal ve y\u00f6neti\u015fim (ESG) performans\u0131n\u0131z\u0131 iyile\u015ftirmek amac\u0131yla kapsaml\u0131 s\u00fcrd\u00fcr\u00fclebilirlik dan\u0131\u015fmanl\u0131k hizmetleri sunuyoruz.\u00a0 Karbon Y\u00f6netimi Sera gaz\u0131 emisyonlar\u0131n\u0131 y\u00f6netmek ve karbon ayak izinizi minimize etmek i\u00e7in \u00e7\u00f6z\u00fcmler geli\u015ftiriyoruz. ISCC Sertifikasyon Dan\u0131\u015fmanl\u0131\u011f\u0131 Groen olarak, i\u015fletmenizin uluslararas\u0131 s\u00fcrd\u00fcr\u00fclebilirlik standartlar\u0131na uyumunu sa\u011flamak ve global pazarda g\u00fcvenilir bir tedarik\u00e7i olarak konumlanmak i\u00e7in ISCC (International Sustainability [&hellip;]<\/p>\n","protected":false},"author":1,"featured_media":0,"parent":0,"menu_order":0,"comment_status":"closed","ping_status":"closed","template":"","meta":{"footnotes":""},"class_list":["post-2100","page","type-page","status-publish","hentry"],"_links":{"self":[{"href":"https:\/\/groen.com.tr\/index.php\/wp-json\/wp\/v2\/pages\/2100","targetHints":{"allow":["GET"]}}],"collection":[{"href":"https:\/\/groen.com.tr\/index.php\/wp-json\/wp\/v2\/pages"}],"about":[{"href":"https:\/\/groen.com.tr\/index.php\/wp-json\/wp\/v2\/types\/page"}],"author":[{"embeddable":true,"href":"https:\/\/groen.com.tr\/index.php\/wp-json\/wp\/v2\/users\/1"}],"replies":[{"embeddable":true,"href":"https:\/\/groen.com.tr\/index.php\/wp-json\/wp\/v2\/comments?post=2100"}],"version-history":[{"count":10,"href":"https:\/\/groen.com.tr\/index.php\/wp-json\/wp\/v2\/pages\/2100\/revisions"}],"predecessor-version":[{"id":2116,"href":"https:\/\/groen.com.tr\/index.php\/wp-json\/wp\/v2\/pages\/2100\/revisions\/2116"}],"wp:attachment":[{"href":"https:\/\/groen.com.tr\/index.php\/wp-json\/wp\/v2\/media?parent=2100"}],"curies":[{"name":"wp","href":"https:\/\/api.w.org\/{rel}","templated":true}]}}